{"id":91,"date":"2018-07-17T14:58:52","date_gmt":"2018-07-17T12:58:52","guid":{"rendered":"http:\/\/www.xn--lafouleglandoise-gqb.ch\/?page_id=91"},"modified":"2026-01-30T12:00:46","modified_gmt":"2026-01-30T11:00:46","slug":"91-2","status":"publish","type":"page","link":"http:\/\/www.xn--lafouleglandoise-gqb.ch\/index.php\/91-2\/","title":{"rendered":"AGENDA LOISIRS"},"content":{"rendered":"<h2 style=\"text-align: center;\"><span style=\"color: #000080;\"><strong>ACTIVIT\u00c9S EN 2026<\/strong><\/span><\/h2>\n<p style=\"text-align: center;\"><\/p>\n\n\n<div class=\"wp-block-group\"><div class=\"wp-block-group__inner-container\">\n<figure class=\"wp-block-table\"><table><tbody><tr><td class=\"has-text-align-center\" data-align=\"center\"><strong>Assembl\u00e9e G\u00e9n\u00e9rale<br><\/strong><\/td><td class=\"has-text-align-center\" data-align=\"center\">29 janvier 2026<\/td><td>Plus d&rsquo;informations suivront <\/td><\/tr><tr><td class=\"has-text-align-center\" data-align=\"center\"><strong>Sortie raquettes <\/strong><br><\/td><td class=\"has-text-align-center\" data-align=\"center\">3 mars 2026<\/td><td>inscriptions aupr\u00e8s de Nora ou \u00e0 l&rsquo;entra\u00eenement<\/td><\/tr><tr><td class=\"has-text-align-center\" data-align=\"center\"><strong>GSR#7, Montoly<br><\/strong><\/td><td class=\"has-text-align-center\" data-align=\"center\">19 avril 2026 <\/td><td>cherchons des b\u00e9n\u00e9voles<\/td><\/tr><tr><td class=\"has-text-align-center\" data-align=\"center\"><strong>Les 3 heures de la Mini-Foul\u00e9e<\/strong><br><\/td><td class=\"has-text-align-center\" data-align=\"center\">31 mai 2026<\/td><td>Plus d&rsquo;informations suivront <\/td><\/tr><tr><td class=\"has-text-align-center\" data-align=\"center\"><strong>B\u00fbcheronne<\/strong><br><\/td><td class=\"has-text-align-center\" data-align=\"center\">9 juin 2026<\/td><td>plus d&rsquo;informations suivront <\/td><\/tr><tr><td class=\"has-text-align-center\" data-align=\"center\"><strong>l&rsquo;Archette,<\/strong><br><strong>St-Cergue<\/strong><br><\/td><td class=\"has-text-align-center\" data-align=\"center\">fin juin date \u00e0 venir<\/td><td>plus d&rsquo;informations suivront <\/td><\/tr><tr><td class=\"has-text-align-center\" data-align=\"center\"><strong>Pal\u00e9o Festival <\/strong><br><\/td><td class=\"has-text-align-center\" data-align=\"center\">21 au 26 juillet 2026<\/td><td>Plus d&rsquo;informations suivront <\/td><\/tr><tr><td class=\"has-text-align-center\" data-align=\"center\"><strong>Stockalperweg <br><\/strong><\/td><td class=\"has-text-align-center\" data-align=\"center\">29\/30 ao\u00fbt 2026<\/td><td>Plus d&rsquo;informations suivront <\/td><\/tr><tr><td class=\"has-text-align-center\" data-align=\"center\"><strong>Le Tir de l&rsquo;amiti\u00e9 <\/strong><br><\/td><td class=\"has-text-align-center\" data-align=\"center\">date \u00e0 venir <\/td><td>Plus d&rsquo;informations suivront <\/td><\/tr><\/tbody><\/table><\/figure>\n<\/div><\/div>\n\n\n\n<p><\/p>\n\n\n\n<p class=\"has-text-align-center\"><span class=\"has-inline-color has-vivid-green-cyan-color\"><strong>QUELQUES PROPOSITIONS DE COURSES POUR 2026<\/strong><\/span><\/p>\n\n\n\n<figure class=\"wp-block-table\"><table><tbody><tr><td class=\"has-text-align-center\" data-align=\"center\"><strong>NOCTURNE DES LOUPS- VALEE DE JOUX <\/strong><br><\/td><td class=\"has-text-align-center\" data-align=\"center\">06 f\u00e9vrier 2026<\/td><\/tr><tr><td class=\"has-text-align-center\" data-align=\"center\"><strong>KERZERLAUF<\/strong><br><\/td><td class=\"has-text-align-center\" data-align=\"center\">21 mars 2026<\/td><\/tr><tr><td class=\"has-text-align-center\" data-align=\"center\"><strong>LA COURSE DES ANES <\/strong><br><\/td><td class=\"has-text-align-center\" data-align=\"center\">29 mars 2026<\/td><\/tr><tr><td class=\"has-text-align-center\" data-align=\"center\"><strong>GSR #7 &#8211; MONTOLY &#8211; GLAND <br><\/strong><\/td><td class=\"has-text-align-center\" data-align=\"center\">19 avril 2026<\/td><\/tr><tr><td class=\"has-text-align-center\" data-align=\"center\"><strong>20 KM DE LAUSANNE<\/strong> <br><\/td><td class=\"has-text-align-center\" data-align=\"center\">26 avril 2026<\/td><\/tr><tr><td class=\"has-text-align-center\" data-align=\"center\"><strong>SUPER RUN TOLOCHENAZ<\/strong><br><\/td><td class=\"has-text-align-center\" data-align=\"center\">Date \u00e0 venir<\/td><\/tr><tr><td class=\"has-text-align-center\" data-align=\"center\"><strong>TRAIL DES PACCOTS- LA VEVEYSE  <\/strong><br><\/td><td class=\"has-text-align-center\" data-align=\"center\">30\/31 mai 2026<\/td><\/tr><tr><td class=\"has-text-align-center\" data-align=\"center\"><strong>CROSS DES PAPILLONS- CRONAY<\/strong><br><\/td><td class=\"has-text-align-center\" data-align=\"center\">27 septembre 2026<\/td><\/tr><tr><td class=\"has-text-align-center\" data-align=\"center\"><strong>WAKE UP AND RUN &#8211; NYON <\/strong><br><\/td><td class=\"has-text-align-center\" data-align=\"center\">4 septembre 2026 <\/td><\/tr><tr><td class=\"has-text-align-center\" data-align=\"center\"><strong>GENEVA URBAIN TRAIL <\/strong><br><\/td><td class=\"has-text-align-center\" data-align=\"center\">5 septembre 2026 <\/td><\/tr><tr><td class=\"has-text-align-center\" data-align=\"center\"><strong>MORAT &#8211; FRIBOURG<\/strong><br><\/td><td class=\"has-text-align-center\" data-align=\"center\">4 octobre 2026<\/td><\/tr><tr><td class=\"has-text-align-center\" data-align=\"center\"><strong>MARATHON DE LAUSANNE<\/strong><br><\/td><td class=\"has-text-align-center\" data-align=\"center\">25 octobre 2026<\/td><\/tr><tr><td class=\"has-text-align-center\" data-align=\"center\"><strong>NIGHT RUN  DE MORGES<\/strong><br><\/td><td class=\"has-text-align-center\" data-align=\"center\">7 novembre 2026<\/td><\/tr><tr><td class=\"has-text-align-center\" data-align=\"center\"><strong>RACE TAFARI &#8211; GENEVE<br><\/strong><\/td><td class=\"has-text-align-center\" data-align=\"center\">Date \u00e0 venir <\/td><\/tr><tr><td class=\"has-text-align-center\" data-align=\"center\"><strong>ESCALADE &#8211; GENEVE<\/strong><br><\/td><td class=\"has-text-align-center\" data-align=\"center\">5\/6 d\u00e9cembre 2026<\/td><\/tr><\/tbody><\/table><\/figure>\n\n\n\n<p><\/p>\n","protected":false},"excerpt":{"rendered":"<p>ACTIVIT\u00c9S EN 2026 Assembl\u00e9e G\u00e9n\u00e9rale 29 janvier 2026 Plus d&rsquo;informations suivront Sortie raquettes 3 mars 2026 inscriptions aupr\u00e8s de Nora ou \u00e0 l&rsquo;entra\u00eenement GSR#7, Montoly 19 avril 2026 cherchons des b\u00e9n\u00e9voles Les 3 heures de la Mini-Foul\u00e9e 31 mai 2026 Plus d&rsquo;informations suivront B\u00fbcheronne 9 juin 2026 plus d&rsquo;informations suivront l&rsquo;Archette,St-Cergue fin juin date \u00e0 &hellip; <a href=\"http:\/\/www.xn--lafouleglandoise-gqb.ch\/index.php\/91-2\/\" class=\"more-link\">Continuer la lecture de <span class=\"screen-reader-text\">AGENDA LOISIRS<\/span><\/a><\/p>\n","protected":false},"author":1,"featured_media":0,"parent":0,"menu_order":0,"comment_status":"closed","ping_status":"closed","template":"","meta":[],"_links":{"self":[{"href":"http:\/\/www.xn--lafouleglandoise-gqb.ch\/index.php\/wp-json\/wp\/v2\/pages\/91"}],"collection":[{"href":"http:\/\/www.xn--lafouleglandoise-gqb.ch\/index.php\/wp-json\/wp\/v2\/pages"}],"about":[{"href":"http:\/\/www.xn--lafouleglandoise-gqb.ch\/index.php\/wp-json\/wp\/v2\/types\/page"}],"author":[{"embeddable":true,"href":"http:\/\/www.xn--lafouleglandoise-gqb.ch\/index.php\/wp-json\/wp\/v2\/users\/1"}],"replies":[{"embeddable":true,"href":"http:\/\/www.xn--lafouleglandoise-gqb.ch\/index.php\/wp-json\/wp\/v2\/comments?post=91"}],"version-history":[{"count":85,"href":"http:\/\/www.xn--lafouleglandoise-gqb.ch\/index.php\/wp-json\/wp\/v2\/pages\/91\/revisions"}],"predecessor-version":[{"id":1286,"href":"http:\/\/www.xn--lafouleglandoise-gqb.ch\/index.php\/wp-json\/wp\/v2\/pages\/91\/revisions\/1286"}],"wp:attachment":[{"href":"http:\/\/www.xn--lafouleglandoise-gqb.ch\/index.php\/wp-json\/wp\/v2\/media?parent=91"}],"curies":[{"name":"wp","href":"https:\/\/api.w.org\/{rel}","templated":true}]}}