{"id":84,"date":"2018-07-17T14:52:15","date_gmt":"2018-07-17T12:52:15","guid":{"rendered":"http:\/\/www.xn--lafouleglandoise-gqb.ch\/?page_id=84"},"modified":"2026-03-24T19:16:50","modified_gmt":"2026-03-24T18:16:50","slug":"entrainements","status":"publish","type":"page","link":"http:\/\/www.xn--lafouleglandoise-gqb.ch\/index.php\/entrainements\/","title":{"rendered":"ENTRA\u00ceNEMENTS"},"content":{"rendered":"<p style=\"text-align: center;\"><img loading=\"lazy\" class=\"alignnone size-medium wp-image-88\" src=\"http:\/\/www.xn--lafouleglandoise-gqb.ch\/wp-content\/uploads\/2018\/07\/sport_adultes_suisse-300x138.jpg\" alt=\"\" width=\"300\" height=\"138\" srcset=\"http:\/\/www.xn--lafouleglandoise-gqb.ch\/wp-content\/uploads\/2018\/07\/sport_adultes_suisse-300x138.jpg 300w, http:\/\/www.xn--lafouleglandoise-gqb.ch\/wp-content\/uploads\/2018\/07\/sport_adultes_suisse.jpg 622w\" sizes=\"(max-width: 300px) 100vw, 300px\" \/><\/p>\n<hr \/>\n<p style=\"text-align: center;\"><span style=\"color: #000000;\"><strong>Les entra\u00eenements de running et de nordic walking ont lieu :<\/strong><\/span><\/p>\n<p style=\"text-align: center;\"><span style=\"color: #000000;\"><strong>Les <\/strong><strong>mardis \u00e0 19h00 :<\/strong><\/span><\/p>\n<ul>\n<li><span style=\"color: #000000;\"><strong>A la salle de gym de Mauverney A \u00e0 Gland.\u00a0<\/strong><\/span><\/li>\n<li><span style=\"color: #000000;\"><strong>Tous les derniers mardis du mois, de mars \u00e0 octobre (sauf juillet), pour un entra\u00eenement sur piste \u00e0 Colovray, Nyon;\u00a0<\/strong><\/span>\n<ul>\n<li><span style=\"color: #000000;\"><strong>mardi 31 mars 2026<\/strong><\/span><\/li>\n<li><strong>mardi 28 avril 2026<\/strong><\/li>\n<li><span style=\"color: #000000;\"><strong>mardi 26 mai 2026<\/strong><\/span><\/li>\n<li><strong>mardi 30 juin 2026<\/strong><\/li>\n<li><span style=\"color: #000000;\"><strong>mardi 25 ao\u00fbt 2026<\/strong><\/span><\/li>\n<li><span style=\"color: #000000;\"><strong>mardi 29 septembre 2026<\/strong><\/span><\/li>\n<li><strong>mardi 27 octobre 2026<\/strong><\/li>\n<\/ul>\n<\/li>\n<\/ul>\n<p style=\"text-align: center;\"><strong>Les mardis \u00e0 19h15<\/strong><\/p>\n<ul>\n<li><span style=\"color: #000000;\"><strong>Pendant les vacances scolaires, au Centre Sportif d&rsquo;en Bord \u00e0 Gland.\u00a0<\/strong><\/span><\/li>\n<\/ul>\n<p style=\"text-align: center;\"><span style=\"color: #000000;\"><strong><br \/><\/strong><strong>Les jeudis \u00e0 19h00:<\/strong><\/span><\/p>\n<p style=\"text-align: center;\"><span style=\"color: #000000;\">\u00a0 \u00a0 \u00a0<b> \u00a0 \u00a0 Entra\u00eenements vitesse auto-coaching, lieux de rendez-vous selon infos de Susi. Personnes <\/b><b>int\u00e9ress\u00e9es<\/b><b> (cf. rubrique contact)<\/b><\/span><\/p>\n<p style=\"text-align: center;\">\u00a0<\/p>\n<p style=\"text-align: center;\">\u00a0<\/p>\n\n\n<p><\/p>\n","protected":false},"excerpt":{"rendered":"<p>Les entra\u00eenements de running et de nordic walking ont lieu : Les mardis \u00e0 19h00 : A la salle de gym de Mauverney A \u00e0 Gland.\u00a0 Tous les derniers mardis du mois, de mars \u00e0 octobre (sauf juillet), pour un entra\u00eenement sur piste \u00e0 Colovray, Nyon;\u00a0 mardi 31 mars 2026 mardi 28 avril 2026 mardi &hellip; <a href=\"http:\/\/www.xn--lafouleglandoise-gqb.ch\/index.php\/entrainements\/\" class=\"more-link\">Continuer la lecture de <span class=\"screen-reader-text\">ENTRA\u00ceNEMENTS<\/span><\/a><\/p>\n","protected":false},"author":1,"featured_media":0,"parent":0,"menu_order":0,"comment_status":"closed","ping_status":"closed","template":"","meta":[],"_links":{"self":[{"href":"http:\/\/www.xn--lafouleglandoise-gqb.ch\/index.php\/wp-json\/wp\/v2\/pages\/84"}],"collection":[{"href":"http:\/\/www.xn--lafouleglandoise-gqb.ch\/index.php\/wp-json\/wp\/v2\/pages"}],"about":[{"href":"http:\/\/www.xn--lafouleglandoise-gqb.ch\/index.php\/wp-json\/wp\/v2\/types\/page"}],"author":[{"embeddable":true,"href":"http:\/\/www.xn--lafouleglandoise-gqb.ch\/index.php\/wp-json\/wp\/v2\/users\/1"}],"replies":[{"embeddable":true,"href":"http:\/\/www.xn--lafouleglandoise-gqb.ch\/index.php\/wp-json\/wp\/v2\/comments?post=84"}],"version-history":[{"count":30,"href":"http:\/\/www.xn--lafouleglandoise-gqb.ch\/index.php\/wp-json\/wp\/v2\/pages\/84\/revisions"}],"predecessor-version":[{"id":1296,"href":"http:\/\/www.xn--lafouleglandoise-gqb.ch\/index.php\/wp-json\/wp\/v2\/pages\/84\/revisions\/1296"}],"wp:attachment":[{"href":"http:\/\/www.xn--lafouleglandoise-gqb.ch\/index.php\/wp-json\/wp\/v2\/media?parent=84"}],"curies":[{"name":"wp","href":"https:\/\/api.w.org\/{rel}","templated":true}]}}