{"id":73,"date":"2018-07-17T14:31:22","date_gmt":"2018-07-17T12:31:22","guid":{"rendered":"http:\/\/www.xn--lafouleglandoise-gqb.ch\/?page_id=73"},"modified":"2025-04-17T08:59:47","modified_gmt":"2025-04-17T06:59:47","slug":"le-comite","status":"publish","type":"page","link":"http:\/\/www.xn--lafouleglandoise-gqb.ch\/index.php\/le-comite\/","title":{"rendered":"LE COMIT\u00c9"},"content":{"rendered":"<p><span style=\"color: #000080;\"><strong>Pr\u00e9sident<\/strong><\/span><br \/>\nMagnenat Diego<br \/>\nT\u00e9l. 079.469.05.04<\/p>\n<p><span style=\"color: #000080;\"><strong>Secr\u00e9taire\u00a0<\/strong><\/span><br \/>\nErb Nora<br \/>\nT\u00e9l. 022.364.19.21<\/p>\n<p><span style=\"color: #000080;\"><strong>Responsable du mat\u00e9riel<\/strong><\/span><br \/>\nAeschimann Nicolas<br \/>\nT\u00e9l. 077.505.31.00<\/p>\n<p><span style=\"color: #000080;\"><strong>Caissi\u00e8re et Webmaster<\/strong><\/span><br \/>\nSinner Nicole<br \/>\nT\u00e9l. 079.813.06.39<\/p>\n<p><span style=\"color: #000080;\"><strong>Membre\u00a0<\/strong><\/span><br \/>\nAvila Christine<br \/>\nT\u00e9l. 076.542.08.32<\/p>\n<p>Adresses courriel en page <a href=\"http:\/\/www.xn--lafouleglandoise-gqb.ch\/index.php\/contact\/\">CONTACT<\/a><\/p>\n","protected":false},"excerpt":{"rendered":"<p>Pr\u00e9sident Magnenat Diego T\u00e9l. 079.469.05.04 Secr\u00e9taire\u00a0 Erb Nora T\u00e9l. 022.364.19.21 Responsable du mat\u00e9riel Aeschimann Nicolas T\u00e9l. 077.505.31.00 Caissi\u00e8re et Webmaster Sinner Nicole T\u00e9l. 079.813.06.39 Membre\u00a0 Avila Christine T\u00e9l. 076.542.08.32 Adresses courriel en page CONTACT<\/p>\n","protected":false},"author":1,"featured_media":0,"parent":0,"menu_order":0,"comment_status":"closed","ping_status":"closed","template":"","meta":[],"_links":{"self":[{"href":"http:\/\/www.xn--lafouleglandoise-gqb.ch\/index.php\/wp-json\/wp\/v2\/pages\/73"}],"collection":[{"href":"http:\/\/www.xn--lafouleglandoise-gqb.ch\/index.php\/wp-json\/wp\/v2\/pages"}],"about":[{"href":"http:\/\/www.xn--lafouleglandoise-gqb.ch\/index.php\/wp-json\/wp\/v2\/types\/page"}],"author":[{"embeddable":true,"href":"http:\/\/www.xn--lafouleglandoise-gqb.ch\/index.php\/wp-json\/wp\/v2\/users\/1"}],"replies":[{"embeddable":true,"href":"http:\/\/www.xn--lafouleglandoise-gqb.ch\/index.php\/wp-json\/wp\/v2\/comments?post=73"}],"version-history":[{"count":13,"href":"http:\/\/www.xn--lafouleglandoise-gqb.ch\/index.php\/wp-json\/wp\/v2\/pages\/73\/revisions"}],"predecessor-version":[{"id":1223,"href":"http:\/\/www.xn--lafouleglandoise-gqb.ch\/index.php\/wp-json\/wp\/v2\/pages\/73\/revisions\/1223"}],"wp:attachment":[{"href":"http:\/\/www.xn--lafouleglandoise-gqb.ch\/index.php\/wp-json\/wp\/v2\/media?parent=73"}],"curies":[{"name":"wp","href":"https:\/\/api.w.org\/{rel}","templated":true}]}}