{"id":65,"date":"2018-07-17T14:12:05","date_gmt":"2018-07-17T12:12:05","guid":{"rendered":"http:\/\/www.xn--lafouleglandoise-gqb.ch\/?page_id=65"},"modified":"2025-01-12T12:38:30","modified_gmt":"2025-01-12T11:38:30","slug":"historique","status":"publish","type":"page","link":"http:\/\/www.xn--lafouleglandoise-gqb.ch\/index.php\/historique\/","title":{"rendered":"HISTORIQUE"},"content":{"rendered":"<p><span style=\"color: #000080;\"><strong>UN PEU D\u2019HISTOIRE&#8230;<\/strong><\/span><\/p>\n<p>La Foul\u00e9e Glandoise a \u00e9t\u00e9 fond\u00e9e en d\u00e9cembre 1985 \u00e0 l\u2019initiative de Rolf Aechwanden ainsi que 11 amoureux de la course \u00e0 pied toutes distances. Les premiers entra\u00eenements ont commenc\u00e9 d\u00e9but 1986. Certains fondateurs et membres d&rsquo;honneur dont Jean-Pierre M\u00e9rot , Margrit Desponds, Joseph Rovelli et Bernard Vonlanthen sont toujours membres du club. Le 1er pr\u00e9sident a \u00e9t\u00e9 Bernard Vonlanthen de 1986 \u00e0 1989, le 2\u00e8me, Roland Wolf de 1989 \u00e0 1994 et la 3\u00e8me, Nora Erb de 1994 \u00e0 2022 . Le 4\u00e8me pr\u00e9sident est Magnenat Diego, d\u00e8s 2023.<\/p>\n<p>Notre club compte 78 membres (janvier 2025). Ces derni\u00e8res ann\u00e9es nous nous sommes diversifi\u00e9s en ouvrant une section walking\/nordic walking et une section pour les jeunes : la Mini-Foul\u00e9e qui a vu le jour le 1er avril 2003 \u00e0 l&rsquo;initiative de deux membres du club; Evelyne Carrel et Nicole Sinner. Notre club se veut convivial, ouvert \u00e0 tous les niveaux, avec une modeste cotisation annuelle. Nous accordons autant d\u2019importance \u00e0 l\u2019amiti\u00e9 et le plaisir de courir qu\u2019\u00e0 la performance pure. Quelques membres ont suivi une formation de moniteur ESA-Running afin de pouvoir offrir quelques conseils, entra\u00eenements sp\u00e9cifiques et aux coureurs ambitieux l\u2019opportunit\u00e9 de progresser.<\/p>\n<p>Notre club a particip\u00e9 pendant quelques ann\u00e9es \u00e0 l\u2019organisation de deux manifestations sportives\u00a0: Cross et Relais de Gland (conjointement avec la soci\u00e9t\u00e9 de gym dames de Gland), le Biathlon de Gland (conjointement avec le v\u00e9lo club, Jean-Pierre M\u00e9rot)et nous sommes depuis peu tr\u00e8s engag\u00e9s dans l&rsquo;organisation du GSR \u00ab\u00a0Gland-Spring-Run\u00a0\u00bb (conjointement avec la Clinique de la Lign\u00e8re, Gland et la Commune de Gland). Nous faisons partie de l\u2019USLG depuis juin 2021 et sommes activement repr\u00e9sent\u00e9s \u00e0 Pal\u00e9o en tenant un bar depuis 1995 qui est notre principale source financi\u00e8re.<\/p>\n<p>Nous comptons parmi nos membres des coureurs sp\u00e9cialistes de tr\u00e8s longues distances, en passant par le marathon et des courses \u00e0 distances classiques.<\/p>\n","protected":false},"excerpt":{"rendered":"<p>UN PEU D\u2019HISTOIRE&#8230; La Foul\u00e9e Glandoise a \u00e9t\u00e9 fond\u00e9e en d\u00e9cembre 1985 \u00e0 l\u2019initiative de Rolf Aechwanden ainsi que 11 amoureux de la course \u00e0 pied toutes distances. Les premiers entra\u00eenements ont commenc\u00e9 d\u00e9but 1986. Certains fondateurs et membres d&rsquo;honneur dont Jean-Pierre M\u00e9rot , Margrit Desponds, Joseph Rovelli et Bernard Vonlanthen sont toujours membres du &hellip; <a href=\"http:\/\/www.xn--lafouleglandoise-gqb.ch\/index.php\/historique\/\" class=\"more-link\">Continuer la lecture de <span class=\"screen-reader-text\">HISTORIQUE<\/span><\/a><\/p>\n","protected":false},"author":1,"featured_media":0,"parent":0,"menu_order":0,"comment_status":"closed","ping_status":"closed","template":"","meta":[],"_links":{"self":[{"href":"http:\/\/www.xn--lafouleglandoise-gqb.ch\/index.php\/wp-json\/wp\/v2\/pages\/65"}],"collection":[{"href":"http:\/\/www.xn--lafouleglandoise-gqb.ch\/index.php\/wp-json\/wp\/v2\/pages"}],"about":[{"href":"http:\/\/www.xn--lafouleglandoise-gqb.ch\/index.php\/wp-json\/wp\/v2\/types\/page"}],"author":[{"embeddable":true,"href":"http:\/\/www.xn--lafouleglandoise-gqb.ch\/index.php\/wp-json\/wp\/v2\/users\/1"}],"replies":[{"embeddable":true,"href":"http:\/\/www.xn--lafouleglandoise-gqb.ch\/index.php\/wp-json\/wp\/v2\/comments?post=65"}],"version-history":[{"count":16,"href":"http:\/\/www.xn--lafouleglandoise-gqb.ch\/index.php\/wp-json\/wp\/v2\/pages\/65\/revisions"}],"predecessor-version":[{"id":1164,"href":"http:\/\/www.xn--lafouleglandoise-gqb.ch\/index.php\/wp-json\/wp\/v2\/pages\/65\/revisions\/1164"}],"wp:attachment":[{"href":"http:\/\/www.xn--lafouleglandoise-gqb.ch\/index.php\/wp-json\/wp\/v2\/media?parent=65"}],"curies":[{"name":"wp","href":"https:\/\/api.w.org\/{rel}","templated":true}]}}