{"id":19,"date":"2018-07-16T22:32:01","date_gmt":"2018-07-16T20:32:01","guid":{"rendered":"http:\/\/www.xn--lafouleglandoise-gqb.ch\/?page_id=19"},"modified":"2025-04-17T09:02:20","modified_gmt":"2025-04-17T07:02:20","slug":"contact","status":"publish","type":"page","link":"http:\/\/www.xn--lafouleglandoise-gqb.ch\/index.php\/contact\/","title":{"rendered":"CONTACT"},"content":{"rendered":"<p><strong>Pr\u00e9sident :<\/strong> Magnenat Diego<br \/>\ne-mail : diego.mag (at) sunrise.ch<\/p>\n<p><strong>Secr\u00e9taire :<\/strong> Nora Erb<br \/>\ne-mail : nora.erb (at) bluewin.ch<\/p>\n<p><strong>Responsable du mat\u00e9riel\u00a0:<\/strong> Aeschimann Nicolas<br \/>\ne-mail : nicocodoex (at) gmail.com<\/p>\n<p><strong>Caissi\u00e8re et Webmaster:<\/strong> Sinner Nicole<br \/>\ne-mail : sinner (at) bluewin.ch<\/p>\n<p><strong>Membre\u00a0 :<\/strong> Avila Christine<br \/>\ne-mail : christinavila (at)\u00a0 hotmail.com<\/p>\n<p><strong>Entra\u00eenements vitesse du jeudi :<\/strong> Susanne Mani<br \/>\ne-mail : susione (at) bluewin.ch<\/p>\n","protected":false},"excerpt":{"rendered":"<p>Pr\u00e9sident : Magnenat Diego e-mail : diego.mag (at) sunrise.ch Secr\u00e9taire : Nora Erb e-mail : nora.erb (at) bluewin.ch Responsable du mat\u00e9riel\u00a0: Aeschimann Nicolas e-mail : nicocodoex (at) gmail.com Caissi\u00e8re et Webmaster: Sinner Nicole e-mail : sinner (at) bluewin.ch Membre\u00a0 : Avila Christine e-mail : christinavila (at)\u00a0 hotmail.com Entra\u00eenements vitesse du jeudi : Susanne Mani e-mail &hellip; <a href=\"http:\/\/www.xn--lafouleglandoise-gqb.ch\/index.php\/contact\/\" class=\"more-link\">Continuer la lecture de <span class=\"screen-reader-text\">CONTACT<\/span><\/a><\/p>\n","protected":false},"author":1,"featured_media":0,"parent":0,"menu_order":0,"comment_status":"closed","ping_status":"closed","template":"","meta":[],"_links":{"self":[{"href":"http:\/\/www.xn--lafouleglandoise-gqb.ch\/index.php\/wp-json\/wp\/v2\/pages\/19"}],"collection":[{"href":"http:\/\/www.xn--lafouleglandoise-gqb.ch\/index.php\/wp-json\/wp\/v2\/pages"}],"about":[{"href":"http:\/\/www.xn--lafouleglandoise-gqb.ch\/index.php\/wp-json\/wp\/v2\/types\/page"}],"author":[{"embeddable":true,"href":"http:\/\/www.xn--lafouleglandoise-gqb.ch\/index.php\/wp-json\/wp\/v2\/users\/1"}],"replies":[{"embeddable":true,"href":"http:\/\/www.xn--lafouleglandoise-gqb.ch\/index.php\/wp-json\/wp\/v2\/comments?post=19"}],"version-history":[{"count":14,"href":"http:\/\/www.xn--lafouleglandoise-gqb.ch\/index.php\/wp-json\/wp\/v2\/pages\/19\/revisions"}],"predecessor-version":[{"id":1225,"href":"http:\/\/www.xn--lafouleglandoise-gqb.ch\/index.php\/wp-json\/wp\/v2\/pages\/19\/revisions\/1225"}],"wp:attachment":[{"href":"http:\/\/www.xn--lafouleglandoise-gqb.ch\/index.php\/wp-json\/wp\/v2\/media?parent=19"}],"curies":[{"name":"wp","href":"https:\/\/api.w.org\/{rel}","templated":true}]}}