{"id":17,"date":"2018-07-16T22:32:01","date_gmt":"2018-07-16T20:32:01","guid":{"rendered":"http:\/\/www.xn--lafouleglandoise-gqb.ch\/?page_id=17"},"modified":"2026-03-24T19:15:28","modified_gmt":"2026-03-24T18:15:28","slug":"accueil","status":"publish","type":"page","link":"http:\/\/www.xn--lafouleglandoise-gqb.ch\/","title":{"rendered":"LA    FOULEE    GLANDOISE"},"content":{"rendered":"<h6 style=\"text-align: center;\"><span style=\"color: #000080;\"><strong>V<span style=\"color: #000000;\">ous trouverez ici les informations importantes, ainsi que tous nos prochains rendez-vous.<\/span><\/strong><\/span><\/h6>\n<p style=\"text-align: left;\"><span style=\"color: #000000;\"><img loading=\"lazy\" class=\"alignnone size-full wp-image-51\" src=\"http:\/\/www.xn--lafouleglandoise-gqb.ch\/wp-content\/uploads\/2018\/07\/FG_diaccueil2sec.gif\" alt=\"\" width=\"1000\" height=\"159\" \/> <\/span><\/p>\n<p><span style=\"color: #000000;\"><strong>Tu souhaites participer \u00e0 la GSR#7 qui aura lieu le 19 avril 2026, vient t&rsquo;entra\u00eener sur la parcours avec la Foul\u00e9e Glandoise les :\u00a0<\/strong><\/span><\/p>\n<p style=\"text-align: center;\"><strong><span style=\"color: #ff0000;\">24 mars, 7 avril et 14 avril &#8211; rendez-vous \u00e0 19h15 \u00e0 Montoly, Gland\u00a0 &#8211; <\/span><span style=\"color: #ff0000;\">lampes frontales vivement conseill\u00e9es! <\/span>\u00a0<\/strong><\/p>\n<p style=\"text-align: center;\"><span style=\"color: #000000;\"><strong>NOS ENTRAINEMENTS\u00a0<\/strong><\/span><\/p>\n<p style=\"text-align: center;\"><em><strong><span lang=\"fr-ch\" style=\"color: #000000;\">Les mardis \u00e0 19h00 :\u00a0<\/span><\/strong><\/em><\/p>\n<ul>\n<li style=\"text-align: left;\"><span style=\"color: #000000;\"><span lang=\"fr-ch\">S<\/span><span lang=\"fr-ch\">alle de gym de Mauverney A \u00e0 Gland. <\/span><\/span><\/li>\n<li style=\"text-align: left;\"><span style=\"color: #000000;\"><span lang=\"fr-ch\">Tous les derniers mardis du mois, de mars \u00e0 octobre (sauf juillet), \u00e0 Colovray, Nyon pour un entra\u00eenement sur piste.<\/span><\/span><\/li>\n<\/ul>\n<p style=\"text-align: center;\"><em><strong>Les mardis \u00e0 19h15 :<\/strong><\/em><\/p>\n<ul>\n<li style=\"text-align: left;\"><span style=\"color: #000000;\"><span lang=\"fr-ch\">Lors des vacances scolaires, au Centre sportif d&rsquo;En bord, Gland\u00a0<\/span><\/span><\/li>\n<\/ul>\n<p style=\"text-align: center;\"><em><span style=\"color: #000000;\"><strong>Les jeudis \u00e0 19h00 :<\/strong><\/span><\/em><\/p>\n<p style=\"text-align: center;\"><span style=\"color: #000000;\">Entra\u00eenements vitesse auto-coaching, lieux de rendez-vous selon infos de Susi. Personnes int\u00e9ress\u00e9es (cf. rubrique contact)<\/span><\/p>\n<p style=\"text-align: center;\">\u00a0<\/p>\n<p style=\"text-align: center;\">\u00a0<\/p>\n<p style=\"text-align: center;\"><span style=\"text-align: left; color: #000000; text-transform: none; text-indent: 0px; letter-spacing: normal; font-family: 'Noto Serif', serif; font-size: 17px; font-style: normal; font-variant-ligatures: normal; font-variant-caps: normal; font-variant-east-asian: normal; font-variant-position: normal; text-decoration: none; word-spacing: 0px; white-space: normal; orphans: 2; float: none; -webkit-text-stroke-width: 0px; background-color: transparent; display: inline !important;\">\u00a0<\/span><\/p>\n\n\n<p><\/p>\n","protected":false},"excerpt":{"rendered":"<p>Vous trouverez ici les informations importantes, ainsi que tous nos prochains rendez-vous. Tu souhaites participer \u00e0 la GSR#7 qui aura lieu le 19 avril 2026, vient t&rsquo;entra\u00eener sur la parcours avec la Foul\u00e9e Glandoise les :\u00a0 24 mars, 7 avril et 14 avril &#8211; rendez-vous \u00e0 19h15 \u00e0 Montoly, Gland\u00a0 &#8211; lampes frontales vivement conseill\u00e9es! &hellip; <a href=\"http:\/\/www.xn--lafouleglandoise-gqb.ch\/\" class=\"more-link\">Continuer la lecture de <span class=\"screen-reader-text\">LA    FOULEE    GLANDOISE<\/span><\/a><\/p>\n","protected":false},"author":1,"featured_media":0,"parent":0,"menu_order":0,"comment_status":"closed","ping_status":"closed","template":"","meta":[],"_links":{"self":[{"href":"http:\/\/www.xn--lafouleglandoise-gqb.ch\/index.php\/wp-json\/wp\/v2\/pages\/17"}],"collection":[{"href":"http:\/\/www.xn--lafouleglandoise-gqb.ch\/index.php\/wp-json\/wp\/v2\/pages"}],"about":[{"href":"http:\/\/www.xn--lafouleglandoise-gqb.ch\/index.php\/wp-json\/wp\/v2\/types\/page"}],"author":[{"embeddable":true,"href":"http:\/\/www.xn--lafouleglandoise-gqb.ch\/index.php\/wp-json\/wp\/v2\/users\/1"}],"replies":[{"embeddable":true,"href":"http:\/\/www.xn--lafouleglandoise-gqb.ch\/index.php\/wp-json\/wp\/v2\/comments?post=17"}],"version-history":[{"count":262,"href":"http:\/\/www.xn--lafouleglandoise-gqb.ch\/index.php\/wp-json\/wp\/v2\/pages\/17\/revisions"}],"predecessor-version":[{"id":1295,"href":"http:\/\/www.xn--lafouleglandoise-gqb.ch\/index.php\/wp-json\/wp\/v2\/pages\/17\/revisions\/1295"}],"wp:attachment":[{"href":"http:\/\/www.xn--lafouleglandoise-gqb.ch\/index.php\/wp-json\/wp\/v2\/media?parent=17"}],"curies":[{"name":"wp","href":"https:\/\/api.w.org\/{rel}","templated":true}]}}