{"id":108,"date":"2018-07-17T15:15:12","date_gmt":"2018-07-17T13:15:12","guid":{"rendered":"http:\/\/www.xn--lafouleglandoise-gqb.ch\/?page_id=108"},"modified":"2024-01-26T11:20:54","modified_gmt":"2024-01-26T10:20:54","slug":"albums-photos","status":"publish","type":"page","link":"http:\/\/www.xn--lafouleglandoise-gqb.ch\/index.php\/albums-photos\/","title":{"rendered":"ALBUMS PHOTOS"},"content":{"rendered":"<p>Vous avez de nouvelles photos \u00e0 partager? Envoyez les \u00e0:<br \/>\nsinner(at)bluewin.ch<\/p>\n<p><span style=\"color: #000000;\"><strong>LES PHOTOS DE L&rsquo;ANCIEN SITE<\/strong><\/span><\/p>\n<p>De 2013 \u00e0 2017, Jip\u00e9 a mis en ligne sur l&rsquo;ancien site une impressionnante quantit\u00e9 de photos prises par de nombreux\/nombreuses membres du club.<\/p>\n<p>Pour retrouver tous ces excellents souvenirs, les voici r\u00e9unis ici sous forme de fichiers PDF \u00e0 t\u00e9l\u00e9charger sur votre bureau, <strong>en cliquant sur le titre soulign\u00e9.<\/strong><\/p>\n<p><a href=\"https:\/\/www.dropbox.com\/sh\/cqu30ancplr6z60\/AADx_ZwnnZAI3AAA6SlQwbera?dl=0\">Arpitettaz<\/a><\/p>\n<p><a href=\"https:\/\/www.dropbox.com\/sh\/do3tpvu1tyrdtnn\/AABjlQJRsRwpR_kG6WIImt9qa?dl=0\">Photos Nora \u00c9t\u00e9 2021<\/a><\/p>\n<p style=\"text-align: left;\"><a href=\"http:\/\/www.xn--lafouleglandoise-gqb.ch\/wp-content\/uploads\/2018\/07\/20_FG_Album_ROMANDIE-ENERGIE-RUN_2017.pdf\">20_FG_Album_ROMANDIE ENERGIE RUN_2017<\/a><\/p>\n<p style=\"text-align: left;\"><a href=\"http:\/\/www.xn--lafouleglandoise-gqb.ch\/wp-content\/uploads\/2018\/07\/19_FG_Album_APRES-COLOVRAY_2017.pdf\">19_FG_Album_APRES COLOVRAY_2017<\/a><\/p>\n<p style=\"text-align: left;\"><a href=\"http:\/\/www.xn--lafouleglandoise-gqb.ch\/wp-content\/uploads\/2018\/07\/18_FG_Album_LA-CHAUMETTE_2017.pdf\">18_FG_Album_LA CHAUMETTE_2017<\/a><\/p>\n<p style=\"text-align: left;\"><a href=\"http:\/\/www.xn--lafouleglandoise-gqb.ch\/wp-content\/uploads\/2018\/07\/17_FG_Album_BOIS-DE-CHENES_2017.pdf\">17_FG_Album_BOIS DE CHENES_2017<\/a><\/p>\n<p><a href=\"http:\/\/www.xn--lafouleglandoise-gqb.ch\/wp-content\/uploads\/2018\/07\/16_FG_Album_RAQUETTES_2017.pdf\">16_FG_Album_RAQUETTES_2017<\/a><\/p>\n<p><a href=\"http:\/\/www.xn--lafouleglandoise-gqb.ch\/wp-content\/uploads\/2018\/07\/15_FG_Album_SIERRE-ZINAL_2016.pdf\">15_FG_Album_SIERRE-ZINAL_2016<\/a><\/p>\n<p><a href=\"http:\/\/www.xn--lafouleglandoise-gqb.ch\/wp-content\/uploads\/2018\/07\/14_FG_Album_LA-GENEVOISE_2016.pdf\">14_FG_Album_LA GENEVOISE_2016<\/a><\/p>\n<p><a href=\"http:\/\/www.xn--lafouleglandoise-gqb.ch\/wp-content\/uploads\/2018\/07\/13_FG_Album_NOZON_2016.pdf\">13_FG_Album_NOZON_2016<\/a><\/p>\n<p><a href=\"http:\/\/www.xn--lafouleglandoise-gqb.ch\/wp-content\/uploads\/2018\/07\/12_FG_Album_RAQUETTES_2016.pdf\">12_FG_Album_RAQUETTES_2016<\/a><\/p>\n<p><a href=\"http:\/\/www.xn--lafouleglandoise-gqb.ch\/wp-content\/uploads\/2018\/07\/11_FG_Album_AG_2016.pdf\">11_FG_Album_AG_2016<\/a><\/p>\n<p><a href=\"http:\/\/www.xn--lafouleglandoise-gqb.ch\/wp-content\/uploads\/2018\/07\/10_FG_Album_NOEL_2015.pdf\">10_FG_Album_NOEL_2015<\/a><\/p>\n<p><a href=\"http:\/\/www.xn--lafouleglandoise-gqb.ch\/wp-content\/uploads\/2018\/07\/09_FG_Album_FONDUE_2015.pdf\">09_FG_Album_FONDUE_2015<\/a><\/p>\n<p><a href=\"http:\/\/www.xn--lafouleglandoise-gqb.ch\/wp-content\/uploads\/2018\/07\/08_FG_Album_CANTAL-4_2015.pdf\">08_FG_Album_CANTAL 4_2015<\/a><\/p>\n<p><a href=\"http:\/\/www.xn--lafouleglandoise-gqb.ch\/wp-content\/uploads\/2018\/07\/07_FG_Album_CANTAL-3_2015.pdf\">07_FG_Album_CANTAL<\/a><\/p>\n<p><a href=\"http:\/\/www.xn--lafouleglandoise-gqb.ch\/wp-content\/uploads\/2018\/07\/06_FG_Album_CANTAL-2_2015.pdf\">06_FG_Album_CANTAL<\/a><\/p>\n<p><a href=\"http:\/\/www.xn--lafouleglandoise-gqb.ch\/wp-content\/uploads\/2018\/07\/05_FG_Album_CANTAL-1_2015.pdf\">05_FG_Album_CANTAL 1_2015<\/a><\/p>\n<p><a href=\"http:\/\/www.xn--lafouleglandoise-gqb.ch\/wp-content\/uploads\/2018\/07\/04_FG_Album_BARJORUN_2015.pdf\">04_FG_Album_BARJORUN_2015<\/a><\/p>\n<p><a href=\"http:\/\/www.xn--lafouleglandoise-gqb.ch\/wp-content\/uploads\/2018\/07\/03_FG_Album_AG_2014.pdf\">03_FG_Album_AG_2014<\/a><\/p>\n<p><a href=\"http:\/\/www.xn--lafouleglandoise-gqb.ch\/wp-content\/uploads\/2018\/07\/02_FG_Album_BARJORUN_2013.pdf\">02_FG_Album_BARJORUN_2013<\/a><\/p>\n<p style=\"text-align: left;\"><a href=\"http:\/\/www.xn--lafouleglandoise-gqb.ch\/wp-content\/uploads\/2018\/07\/01_FG_Album_GREIFFENSEE_2011.pdf\">01_FG_Album_GREIFFENSEE_2011<\/a><\/p>\n<hr \/>\n<p>Pour t\u00e9l\u00e9charger les couvertures, <strong>cliquez sur les images.<\/strong><\/p>\n<p><img loading=\"lazy\" class=\"size-medium wp-image-112 alignleft\" src=\"http:\/\/www.xn--lafouleglandoise-gqb.ch\/wp-content\/uploads\/2018\/07\/01_FG_Album_GREIFFENSEE_2011-212x300.jpg\" alt=\"\" width=\"212\" height=\"300\" srcset=\"http:\/\/www.xn--lafouleglandoise-gqb.ch\/wp-content\/uploads\/2018\/07\/01_FG_Album_GREIFFENSEE_2011-212x300.jpg 212w, http:\/\/www.xn--lafouleglandoise-gqb.ch\/wp-content\/uploads\/2018\/07\/01_FG_Album_GREIFFENSEE_2011-768x1088.jpg 768w, http:\/\/www.xn--lafouleglandoise-gqb.ch\/wp-content\/uploads\/2018\/07\/01_FG_Album_GREIFFENSEE_2011-723x1024.jpg 723w, http:\/\/www.xn--lafouleglandoise-gqb.ch\/wp-content\/uploads\/2018\/07\/01_FG_Album_GREIFFENSEE_2011.jpg 927w\" sizes=\"(max-width: 212px) 100vw, 212px\" \/><\/p>\n<p style=\"text-align: center;\"><img loading=\"lazy\" class=\"size-medium wp-image-117 alignleft\" src=\"http:\/\/www.xn--lafouleglandoise-gqb.ch\/wp-content\/uploads\/2018\/07\/02_FG_Album_BARJORUN_2013-211x300.jpg\" alt=\"\" width=\"211\" height=\"300\" srcset=\"http:\/\/www.xn--lafouleglandoise-gqb.ch\/wp-content\/uploads\/2018\/07\/02_FG_Album_BARJORUN_2013-211x300.jpg 211w, http:\/\/www.xn--lafouleglandoise-gqb.ch\/wp-content\/uploads\/2018\/07\/02_FG_Album_BARJORUN_2013-768x1089.jpg 768w, http:\/\/www.xn--lafouleglandoise-gqb.ch\/wp-content\/uploads\/2018\/07\/02_FG_Album_BARJORUN_2013-722x1024.jpg 722w, http:\/\/www.xn--lafouleglandoise-gqb.ch\/wp-content\/uploads\/2018\/07\/02_FG_Album_BARJORUN_2013.jpg 927w\" sizes=\"(max-width: 211px) 100vw, 211px\" \/><\/p>\n<p style=\"text-align: center;\"><img loading=\"lazy\" class=\"size-medium wp-image-120 alignleft\" src=\"http:\/\/www.xn--lafouleglandoise-gqb.ch\/wp-content\/uploads\/2018\/07\/03_FG_Album_AG_2014-212x300.jpg\" alt=\"\" width=\"212\" height=\"300\" srcset=\"http:\/\/www.xn--lafouleglandoise-gqb.ch\/wp-content\/uploads\/2018\/07\/03_FG_Album_AG_2014-212x300.jpg 212w, http:\/\/www.xn--lafouleglandoise-gqb.ch\/wp-content\/uploads\/2018\/07\/03_FG_Album_AG_2014-768x1088.jpg 768w, http:\/\/www.xn--lafouleglandoise-gqb.ch\/wp-content\/uploads\/2018\/07\/03_FG_Album_AG_2014-723x1024.jpg 723w, http:\/\/www.xn--lafouleglandoise-gqb.ch\/wp-content\/uploads\/2018\/07\/03_FG_Album_AG_2014.jpg 924w\" sizes=\"(max-width: 212px) 100vw, 212px\" \/><\/p>\n<p><img loading=\"lazy\" class=\"size-medium wp-image-125 alignleft\" src=\"http:\/\/www.xn--lafouleglandoise-gqb.ch\/wp-content\/uploads\/2018\/07\/04_FG_Album_BARJORUN_2015-212x300.jpg\" alt=\"\" width=\"212\" height=\"300\" srcset=\"http:\/\/www.xn--lafouleglandoise-gqb.ch\/wp-content\/uploads\/2018\/07\/04_FG_Album_BARJORUN_2015-212x300.jpg 212w, http:\/\/www.xn--lafouleglandoise-gqb.ch\/wp-content\/uploads\/2018\/07\/04_FG_Album_BARJORUN_2015-768x1087.jpg 768w, http:\/\/www.xn--lafouleglandoise-gqb.ch\/wp-content\/uploads\/2018\/07\/04_FG_Album_BARJORUN_2015-724x1024.jpg 724w, http:\/\/www.xn--lafouleglandoise-gqb.ch\/wp-content\/uploads\/2018\/07\/04_FG_Album_BARJORUN_2015.jpg 927w\" sizes=\"(max-width: 212px) 100vw, 212px\" \/><img loading=\"lazy\" class=\"size-medium wp-image-135 alignleft\" src=\"http:\/\/www.xn--lafouleglandoise-gqb.ch\/wp-content\/uploads\/2018\/07\/05_FG_Album_CANTAL-1_2015-212x300.jpg\" alt=\"\" width=\"212\" height=\"300\" srcset=\"http:\/\/www.xn--lafouleglandoise-gqb.ch\/wp-content\/uploads\/2018\/07\/05_FG_Album_CANTAL-1_2015-212x300.jpg 212w, http:\/\/www.xn--lafouleglandoise-gqb.ch\/wp-content\/uploads\/2018\/07\/05_FG_Album_CANTAL-1_2015-768x1088.jpg 768w, http:\/\/www.xn--lafouleglandoise-gqb.ch\/wp-content\/uploads\/2018\/07\/05_FG_Album_CANTAL-1_2015-723x1024.jpg 723w, http:\/\/www.xn--lafouleglandoise-gqb.ch\/wp-content\/uploads\/2018\/07\/05_FG_Album_CANTAL-1_2015.jpg 927w\" sizes=\"(max-width: 212px) 100vw, 212px\" \/><img loading=\"lazy\" class=\"size-medium wp-image-137 alignleft\" src=\"http:\/\/www.xn--lafouleglandoise-gqb.ch\/wp-content\/uploads\/2018\/07\/06_FG_Album_CANTAL-2_2015-212x300.jpg\" alt=\"\" width=\"212\" height=\"300\" srcset=\"http:\/\/www.xn--lafouleglandoise-gqb.ch\/wp-content\/uploads\/2018\/07\/06_FG_Album_CANTAL-2_2015-212x300.jpg 212w, http:\/\/www.xn--lafouleglandoise-gqb.ch\/wp-content\/uploads\/2018\/07\/06_FG_Album_CANTAL-2_2015-768x1085.jpg 768w, http:\/\/www.xn--lafouleglandoise-gqb.ch\/wp-content\/uploads\/2018\/07\/06_FG_Album_CANTAL-2_2015-725x1024.jpg 725w, http:\/\/www.xn--lafouleglandoise-gqb.ch\/wp-content\/uploads\/2018\/07\/06_FG_Album_CANTAL-2_2015.jpg 926w\" sizes=\"(max-width: 212px) 100vw, 212px\" \/><\/p>\n<p><img loading=\"lazy\" class=\"size-medium wp-image-139 alignleft\" src=\"http:\/\/www.xn--lafouleglandoise-gqb.ch\/wp-content\/uploads\/2018\/07\/07_FG_Album_CANTAL-3_2015-212x300.jpg\" alt=\"\" width=\"212\" height=\"300\" srcset=\"http:\/\/www.xn--lafouleglandoise-gqb.ch\/wp-content\/uploads\/2018\/07\/07_FG_Album_CANTAL-3_2015-212x300.jpg 212w, http:\/\/www.xn--lafouleglandoise-gqb.ch\/wp-content\/uploads\/2018\/07\/07_FG_Album_CANTAL-3_2015-768x1087.jpg 768w, http:\/\/www.xn--lafouleglandoise-gqb.ch\/wp-content\/uploads\/2018\/07\/07_FG_Album_CANTAL-3_2015-724x1024.jpg 724w, http:\/\/www.xn--lafouleglandoise-gqb.ch\/wp-content\/uploads\/2018\/07\/07_FG_Album_CANTAL-3_2015.jpg 927w\" sizes=\"(max-width: 212px) 100vw, 212px\" \/><img loading=\"lazy\" class=\"size-medium wp-image-142 alignleft\" src=\"http:\/\/www.xn--lafouleglandoise-gqb.ch\/wp-content\/uploads\/2018\/07\/08_FG_Album_CANTAL-4_2015-212x300.jpg\" alt=\"\" width=\"212\" height=\"300\" srcset=\"http:\/\/www.xn--lafouleglandoise-gqb.ch\/wp-content\/uploads\/2018\/07\/08_FG_Album_CANTAL-4_2015-212x300.jpg 212w, http:\/\/www.xn--lafouleglandoise-gqb.ch\/wp-content\/uploads\/2018\/07\/08_FG_Album_CANTAL-4_2015-768x1088.jpg 768w, http:\/\/www.xn--lafouleglandoise-gqb.ch\/wp-content\/uploads\/2018\/07\/08_FG_Album_CANTAL-4_2015-723x1024.jpg 723w, http:\/\/www.xn--lafouleglandoise-gqb.ch\/wp-content\/uploads\/2018\/07\/08_FG_Album_CANTAL-4_2015.jpg 926w\" sizes=\"(max-width: 212px) 100vw, 212px\" \/><img loading=\"lazy\" class=\"size-medium wp-image-146 alignleft\" src=\"http:\/\/www.xn--lafouleglandoise-gqb.ch\/wp-content\/uploads\/2018\/07\/09_FG_Album_FONDUE_2015-212x300.jpg\" alt=\"\" width=\"212\" height=\"300\" srcset=\"http:\/\/www.xn--lafouleglandoise-gqb.ch\/wp-content\/uploads\/2018\/07\/09_FG_Album_FONDUE_2015-212x300.jpg 212w, http:\/\/www.xn--lafouleglandoise-gqb.ch\/wp-content\/uploads\/2018\/07\/09_FG_Album_FONDUE_2015-768x1087.jpg 768w, http:\/\/www.xn--lafouleglandoise-gqb.ch\/wp-content\/uploads\/2018\/07\/09_FG_Album_FONDUE_2015-724x1024.jpg 724w, http:\/\/www.xn--lafouleglandoise-gqb.ch\/wp-content\/uploads\/2018\/07\/09_FG_Album_FONDUE_2015.jpg 927w\" sizes=\"(max-width: 212px) 100vw, 212px\" \/><img loading=\"lazy\" class=\"size-medium wp-image-151 alignleft\" src=\"http:\/\/www.xn--lafouleglandoise-gqb.ch\/wp-content\/uploads\/2018\/07\/10_FG_Album_NOEL_2015-212x300.jpg\" alt=\"\" width=\"212\" height=\"300\" srcset=\"http:\/\/www.xn--lafouleglandoise-gqb.ch\/wp-content\/uploads\/2018\/07\/10_FG_Album_NOEL_2015-212x300.jpg 212w, http:\/\/www.xn--lafouleglandoise-gqb.ch\/wp-content\/uploads\/2018\/07\/10_FG_Album_NOEL_2015-768x1087.jpg 768w, http:\/\/www.xn--lafouleglandoise-gqb.ch\/wp-content\/uploads\/2018\/07\/10_FG_Album_NOEL_2015-723x1024.jpg 723w, http:\/\/www.xn--lafouleglandoise-gqb.ch\/wp-content\/uploads\/2018\/07\/10_FG_Album_NOEL_2015.jpg 928w\" sizes=\"(max-width: 212px) 100vw, 212px\" \/><\/p>\n<p><img loading=\"lazy\" class=\"size-medium wp-image-154 alignleft\" src=\"http:\/\/www.xn--lafouleglandoise-gqb.ch\/wp-content\/uploads\/2018\/07\/11_FG_Album_AG_2016-212x300.jpg\" alt=\"\" width=\"212\" height=\"300\" srcset=\"http:\/\/www.xn--lafouleglandoise-gqb.ch\/wp-content\/uploads\/2018\/07\/11_FG_Album_AG_2016-212x300.jpg 212w, http:\/\/www.xn--lafouleglandoise-gqb.ch\/wp-content\/uploads\/2018\/07\/11_FG_Album_AG_2016-768x1089.jpg 768w, http:\/\/www.xn--lafouleglandoise-gqb.ch\/wp-content\/uploads\/2018\/07\/11_FG_Album_AG_2016-722x1024.jpg 722w, http:\/\/www.xn--lafouleglandoise-gqb.ch\/wp-content\/uploads\/2018\/07\/11_FG_Album_AG_2016.jpg 926w\" sizes=\"(max-width: 212px) 100vw, 212px\" \/><img loading=\"lazy\" class=\"size-medium wp-image-156 alignleft\" src=\"http:\/\/www.xn--lafouleglandoise-gqb.ch\/wp-content\/uploads\/2018\/07\/12_FG_Album_RAQUETTES_2016-212x300.jpg\" alt=\"\" width=\"212\" height=\"300\" srcset=\"http:\/\/www.xn--lafouleglandoise-gqb.ch\/wp-content\/uploads\/2018\/07\/12_FG_Album_RAQUETTES_2016-212x300.jpg 212w, http:\/\/www.xn--lafouleglandoise-gqb.ch\/wp-content\/uploads\/2018\/07\/12_FG_Album_RAQUETTES_2016-768x1087.jpg 768w, http:\/\/www.xn--lafouleglandoise-gqb.ch\/wp-content\/uploads\/2018\/07\/12_FG_Album_RAQUETTES_2016-724x1024.jpg 724w, http:\/\/www.xn--lafouleglandoise-gqb.ch\/wp-content\/uploads\/2018\/07\/12_FG_Album_RAQUETTES_2016.jpg 928w\" sizes=\"(max-width: 212px) 100vw, 212px\" \/><\/p>\n<p><img loading=\"lazy\" class=\"size-medium wp-image-158 alignleft\" src=\"http:\/\/www.xn--lafouleglandoise-gqb.ch\/wp-content\/uploads\/2018\/07\/13_FG_Album_NOZON_2016-212x300.jpg\" alt=\"\" width=\"212\" height=\"300\" srcset=\"http:\/\/www.xn--lafouleglandoise-gqb.ch\/wp-content\/uploads\/2018\/07\/13_FG_Album_NOZON_2016-212x300.jpg 212w, http:\/\/www.xn--lafouleglandoise-gqb.ch\/wp-content\/uploads\/2018\/07\/13_FG_Album_NOZON_2016-768x1087.jpg 768w, http:\/\/www.xn--lafouleglandoise-gqb.ch\/wp-content\/uploads\/2018\/07\/13_FG_Album_NOZON_2016-724x1024.jpg 724w, http:\/\/www.xn--lafouleglandoise-gqb.ch\/wp-content\/uploads\/2018\/07\/13_FG_Album_NOZON_2016.jpg 928w\" sizes=\"(max-width: 212px) 100vw, 212px\" \/><img loading=\"lazy\" class=\"size-medium wp-image-160 alignleft\" src=\"http:\/\/www.xn--lafouleglandoise-gqb.ch\/wp-content\/uploads\/2018\/07\/14_FG_Album_LA-GENEVOISE_2016-212x300.jpg\" alt=\"\" width=\"212\" height=\"300\" srcset=\"http:\/\/www.xn--lafouleglandoise-gqb.ch\/wp-content\/uploads\/2018\/07\/14_FG_Album_LA-GENEVOISE_2016-212x300.jpg 212w, http:\/\/www.xn--lafouleglandoise-gqb.ch\/wp-content\/uploads\/2018\/07\/14_FG_Album_LA-GENEVOISE_2016-768x1087.jpg 768w, http:\/\/www.xn--lafouleglandoise-gqb.ch\/wp-content\/uploads\/2018\/07\/14_FG_Album_LA-GENEVOISE_2016-724x1024.jpg 724w, http:\/\/www.xn--lafouleglandoise-gqb.ch\/wp-content\/uploads\/2018\/07\/14_FG_Album_LA-GENEVOISE_2016.jpg 928w\" sizes=\"(max-width: 212px) 100vw, 212px\" \/><\/p>\n<p><img loading=\"lazy\" class=\"size-medium wp-image-163 alignleft\" src=\"http:\/\/www.xn--lafouleglandoise-gqb.ch\/wp-content\/uploads\/2018\/07\/15_FG_Album_SIERRE-ZINAL_2016-212x300.jpg\" alt=\"\" width=\"212\" height=\"300\" srcset=\"http:\/\/www.xn--lafouleglandoise-gqb.ch\/wp-content\/uploads\/2018\/07\/15_FG_Album_SIERRE-ZINAL_2016-212x300.jpg 212w, http:\/\/www.xn--lafouleglandoise-gqb.ch\/wp-content\/uploads\/2018\/07\/15_FG_Album_SIERRE-ZINAL_2016-768x1088.jpg 768w, http:\/\/www.xn--lafouleglandoise-gqb.ch\/wp-content\/uploads\/2018\/07\/15_FG_Album_SIERRE-ZINAL_2016-723x1024.jpg 723w, http:\/\/www.xn--lafouleglandoise-gqb.ch\/wp-content\/uploads\/2018\/07\/15_FG_Album_SIERRE-ZINAL_2016.jpg 927w\" sizes=\"(max-width: 212px) 100vw, 212px\" \/><img loading=\"lazy\" class=\"size-medium wp-image-165 alignleft\" src=\"http:\/\/www.xn--lafouleglandoise-gqb.ch\/wp-content\/uploads\/2018\/07\/16_FG_Album_RAQUETTES_2017-212x300.jpg\" alt=\"\" width=\"212\" height=\"300\" srcset=\"http:\/\/www.xn--lafouleglandoise-gqb.ch\/wp-content\/uploads\/2018\/07\/16_FG_Album_RAQUETTES_2017-212x300.jpg 212w, http:\/\/www.xn--lafouleglandoise-gqb.ch\/wp-content\/uploads\/2018\/07\/16_FG_Album_RAQUETTES_2017-768x1088.jpg 768w, http:\/\/www.xn--lafouleglandoise-gqb.ch\/wp-content\/uploads\/2018\/07\/16_FG_Album_RAQUETTES_2017-723x1024.jpg 723w, http:\/\/www.xn--lafouleglandoise-gqb.ch\/wp-content\/uploads\/2018\/07\/16_FG_Album_RAQUETTES_2017.jpg 927w\" sizes=\"(max-width: 212px) 100vw, 212px\" \/><\/p>\n<p><img loading=\"lazy\" class=\"size-medium wp-image-170 alignleft\" src=\"http:\/\/www.xn--lafouleglandoise-gqb.ch\/wp-content\/uploads\/2018\/07\/17_FG_Album_BOIS-DE-CHENES_2017-212x300.jpg\" alt=\"\" width=\"212\" height=\"300\" srcset=\"http:\/\/www.xn--lafouleglandoise-gqb.ch\/wp-content\/uploads\/2018\/07\/17_FG_Album_BOIS-DE-CHENES_2017-212x300.jpg 212w, http:\/\/www.xn--lafouleglandoise-gqb.ch\/wp-content\/uploads\/2018\/07\/17_FG_Album_BOIS-DE-CHENES_2017-768x1087.jpg 768w, http:\/\/www.xn--lafouleglandoise-gqb.ch\/wp-content\/uploads\/2018\/07\/17_FG_Album_BOIS-DE-CHENES_2017-724x1024.jpg 724w, http:\/\/www.xn--lafouleglandoise-gqb.ch\/wp-content\/uploads\/2018\/07\/17_FG_Album_BOIS-DE-CHENES_2017.jpg 927w\" sizes=\"(max-width: 212px) 100vw, 212px\" \/><img loading=\"lazy\" class=\"size-medium wp-image-172 alignleft\" src=\"http:\/\/www.xn--lafouleglandoise-gqb.ch\/wp-content\/uploads\/2018\/07\/18_FG_Album_LA-CHAUMETTE_2017-212x300.jpg\" alt=\"\" width=\"212\" height=\"300\" srcset=\"http:\/\/www.xn--lafouleglandoise-gqb.ch\/wp-content\/uploads\/2018\/07\/18_FG_Album_LA-CHAUMETTE_2017-212x300.jpg 212w, http:\/\/www.xn--lafouleglandoise-gqb.ch\/wp-content\/uploads\/2018\/07\/18_FG_Album_LA-CHAUMETTE_2017-768x1086.jpg 768w, http:\/\/www.xn--lafouleglandoise-gqb.ch\/wp-content\/uploads\/2018\/07\/18_FG_Album_LA-CHAUMETTE_2017-724x1024.jpg 724w, http:\/\/www.xn--lafouleglandoise-gqb.ch\/wp-content\/uploads\/2018\/07\/18_FG_Album_LA-CHAUMETTE_2017.jpg 927w\" sizes=\"(max-width: 212px) 100vw, 212px\" \/><\/p>\n<p><img loading=\"lazy\" class=\"size-medium wp-image-175 alignleft\" src=\"http:\/\/www.xn--lafouleglandoise-gqb.ch\/wp-content\/uploads\/2018\/07\/19_FG_Album_APRES-COLOVRAY_2017-1-212x300.jpg\" alt=\"\" width=\"212\" height=\"300\" \/><\/p>\n<p><img loading=\"lazy\" class=\"size-medium wp-image-177 alignleft\" src=\"http:\/\/www.xn--lafouleglandoise-gqb.ch\/wp-content\/uploads\/2018\/07\/20_FG_Album_ROMANDIE-ENERGIE-RUN-212x300.jpg\" alt=\"\" width=\"212\" height=\"300\" \/><\/p>\n","protected":false},"excerpt":{"rendered":"<p>Vous avez de nouvelles photos \u00e0 partager? Envoyez les \u00e0: sinner(at)bluewin.ch LES PHOTOS DE L&rsquo;ANCIEN SITE De 2013 \u00e0 2017, Jip\u00e9 a mis en ligne sur l&rsquo;ancien site une impressionnante quantit\u00e9 de photos prises par de nombreux\/nombreuses membres du club. Pour retrouver tous ces excellents souvenirs, les voici r\u00e9unis ici sous forme de fichiers PDF &hellip; <a href=\"http:\/\/www.xn--lafouleglandoise-gqb.ch\/index.php\/albums-photos\/\" class=\"more-link\">Continuer la lecture de <span class=\"screen-reader-text\">ALBUMS PHOTOS<\/span><\/a><\/p>\n","protected":false},"author":1,"featured_media":0,"parent":0,"menu_order":0,"comment_status":"closed","ping_status":"closed","template":"","meta":[],"_links":{"self":[{"href":"http:\/\/www.xn--lafouleglandoise-gqb.ch\/index.php\/wp-json\/wp\/v2\/pages\/108"}],"collection":[{"href":"http:\/\/www.xn--lafouleglandoise-gqb.ch\/index.php\/wp-json\/wp\/v2\/pages"}],"about":[{"href":"http:\/\/www.xn--lafouleglandoise-gqb.ch\/index.php\/wp-json\/wp\/v2\/types\/page"}],"author":[{"embeddable":true,"href":"http:\/\/www.xn--lafouleglandoise-gqb.ch\/index.php\/wp-json\/wp\/v2\/users\/1"}],"replies":[{"embeddable":true,"href":"http:\/\/www.xn--lafouleglandoise-gqb.ch\/index.php\/wp-json\/wp\/v2\/comments?post=108"}],"version-history":[{"count":38,"href":"http:\/\/www.xn--lafouleglandoise-gqb.ch\/index.php\/wp-json\/wp\/v2\/pages\/108\/revisions"}],"predecessor-version":[{"id":1041,"href":"http:\/\/www.xn--lafouleglandoise-gqb.ch\/index.php\/wp-json\/wp\/v2\/pages\/108\/revisions\/1041"}],"wp:attachment":[{"href":"http:\/\/www.xn--lafouleglandoise-gqb.ch\/index.php\/wp-json\/wp\/v2\/media?parent=108"}],"curies":[{"name":"wp","href":"https:\/\/api.w.org\/{rel}","templated":true}]}}