{"id":104,"date":"2018-07-17T15:11:44","date_gmt":"2018-07-17T13:11:44","guid":{"rendered":"http:\/\/www.xn--lafouleglandoise-gqb.ch\/?page_id=104"},"modified":"2025-01-08T15:41:32","modified_gmt":"2025-01-08T14:41:32","slug":"liens","status":"publish","type":"page","link":"http:\/\/www.xn--lafouleglandoise-gqb.ch\/index.php\/liens\/","title":{"rendered":"LIENS"},"content":{"rendered":"\n<p><span style=\"color: #000080;\"><strong>QUELQUES LIENS QUI PEUVENT VOUS \u00caTRE UTILES :<\/strong><\/span><\/p>\n\n\n\n<ul><li><a href=\"https:\/\/www.ncsports.ch\">New Concept Sports &#8211; Epalinges<\/a><\/li><li><a href=\"https:\/\/www.youtube.com\/user\/RUNNINGMAG2013\">\u00c9mission mensuelle de NCS<\/a><\/li><li><a href=\"http:\/\/sbsport.ch\">SBSPORT &#8211; Gland<\/a><\/li><li><a href=\"http:\/\/www.spiridon.ch\">Spiridon Club<\/a><\/li><li><a href=\"http:\/\/www.20km.ch\">20km de Lausanne<\/a><\/li><li><a href=\"http:\/\/www.gland.ch\/gsr\">GSR#7 Gland<\/a><\/li><li><a href=\"https:\/\/www.lgtrail.com\">LG Tail<\/a><\/li><li><a href=\"http:\/\/www.personaltrainer-geneve.ch\">Fr\u00e9d\u00e9ric Gazeau<\/a><\/li><li><a href=\"http:\/\/www.parkinson.ch\" data-type=\"URL\" data-id=\"www.parkinson.ch\">www.parkinson.ch<\/a><\/li><\/ul>\n\n\n\n<p><\/p>\n","protected":false},"excerpt":{"rendered":"<p>QUELQUES LIENS QUI PEUVENT VOUS \u00caTRE UTILES : New Concept Sports &#8211; Epalinges \u00c9mission mensuelle de NCS SBSPORT &#8211; Gland Spiridon Club 20km de Lausanne GSR#7 Gland LG Tail Fr\u00e9d\u00e9ric Gazeau www.parkinson.ch<\/p>\n","protected":false},"author":1,"featured_media":0,"parent":0,"menu_order":0,"comment_status":"closed","ping_status":"closed","template":"","meta":[],"_links":{"self":[{"href":"http:\/\/www.xn--lafouleglandoise-gqb.ch\/index.php\/wp-json\/wp\/v2\/pages\/104"}],"collection":[{"href":"http:\/\/www.xn--lafouleglandoise-gqb.ch\/index.php\/wp-json\/wp\/v2\/pages"}],"about":[{"href":"http:\/\/www.xn--lafouleglandoise-gqb.ch\/index.php\/wp-json\/wp\/v2\/types\/page"}],"author":[{"embeddable":true,"href":"http:\/\/www.xn--lafouleglandoise-gqb.ch\/index.php\/wp-json\/wp\/v2\/users\/1"}],"replies":[{"embeddable":true,"href":"http:\/\/www.xn--lafouleglandoise-gqb.ch\/index.php\/wp-json\/wp\/v2\/comments?post=104"}],"version-history":[{"count":12,"href":"http:\/\/www.xn--lafouleglandoise-gqb.ch\/index.php\/wp-json\/wp\/v2\/pages\/104\/revisions"}],"predecessor-version":[{"id":1151,"href":"http:\/\/www.xn--lafouleglandoise-gqb.ch\/index.php\/wp-json\/wp\/v2\/pages\/104\/revisions\/1151"}],"wp:attachment":[{"href":"http:\/\/www.xn--lafouleglandoise-gqb.ch\/index.php\/wp-json\/wp\/v2\/media?parent=104"}],"curies":[{"name":"wp","href":"https:\/\/api.w.org\/{rel}","templated":true}]}}